{"id":345,"date":"2025-05-30T02:47:42","date_gmt":"2025-05-30T00:47:42","guid":{"rendered":"https:\/\/linkoidiomas.com\/?page_id=345"},"modified":"2025-07-17T04:14:38","modified_gmt":"2025-07-17T02:14:38","slug":"traduccion","status":"publish","type":"page","link":"https:\/\/linkoidiomas.com\/en\/traduccion\/","title":{"rendered":"Translation"},"content":{"rendered":"<div data-elementor-type=\"wp-page\" data-elementor-id=\"345\" class=\"elementor elementor-345\" data-elementor-post-type=\"page\">\n\t\t\t\t<div class=\"elementor-element elementor-element-1ff8988 e-con-full e-flex e-con e-parent\" data-id=\"1ff8988\" data-element_type=\"container\" data-settings=\"{&quot;background_background&quot;:&quot;classic&quot;}\">\n\t\t\t\t<div class=\"elementor-element elementor-element-e391d66 elementor-widget elementor-widget-heading\" data-id=\"e391d66\" data-element_type=\"widget\" data-widget_type=\"heading.default\">\n\t\t\t\t<div class=\"elementor-widget-container\">\n\t\t\t\t\t<h2 class=\"elementor-heading-title elementor-size-default\">Translation<\/h2>\t\t\t\t<\/div>\n\t\t\t\t<\/div>\n\t\t\t\t<\/div>\n\t\t<div class=\"elementor-element elementor-element-d006b4b e-con-full e-flex e-con e-parent\" data-id=\"d006b4b\" data-element_type=\"container\" data-settings=\"{&quot;background_background&quot;:&quot;classic&quot;}\">\n\t\t<div class=\"elementor-element elementor-element-2fe9332 e-con-full e-flex e-con e-child\" data-id=\"2fe9332\" data-element_type=\"container\">\n\t\t\t\t<div class=\"elementor-element elementor-element-a405202 elementor-widget elementor-widget-heading\" data-id=\"a405202\" data-element_type=\"widget\" data-widget_type=\"heading.default\">\n\t\t\t\t<div class=\"elementor-widget-container\">\n\t\t\t\t\t<h2 class=\"elementor-heading-title elementor-size-default\">Document Translation<\/h2>\t\t\t\t<\/div>\n\t\t\t\t<\/div>\n\t\t\t\t<div class=\"elementor-element elementor-element-0e8575d elementor-widget elementor-widget-text-editor\" data-id=\"0e8575d\" data-element_type=\"widget\" data-widget_type=\"text-editor.default\">\n\t\t\t\t<div class=\"elementor-widget-container\">\n\t\t\t\t\t\t\t\t\t<span style=\"font-size: 3em; line-height: 1; padding-right: 0px;\">A<\/span>t Linko, we understand the importance of accuracy and timeliness when it comes to translations. That\u2019s why we combine in-house, confidential technology with the expertise of professional human translators to deliver high-quality results.\n\n<strong>Fast and Precise:<\/strong> We translate your documents with precision, cutting delivery times by up to 50% without compromising quality.\n\n<strong>Proprietary Technology &amp; Expert Translators:<\/strong> We use advanced in-house tools along with a team of highly specialized translators to ensure high-quality translations every time.\n\n<strong>Specialization Across Fields:<\/strong> Our translators are experts in a wide range of industries, ensuring we understand the technical and specific language of each sector.\n\n<strong>Commitment to Punctuality and Confidentiality:<\/strong>We guarantee timely deliveries and safeguard the confidentiality of all the information we handle through a digital security ecosystem.\n\n<strong>Simple and certified translation:<\/strong>Whether you need a CV, a technical document, or certified document translated, we offer both standard and certified translation services through highly qualified professionals. Trust Linko to translate your ideas into any language\u2014accurately and efficiently.\t\t\t\t\t\t\t\t<\/div>\n\t\t\t\t<\/div>\n\t\t\t\t<\/div>\n\t\t<div class=\"elementor-element elementor-element-5f8fa00 e-con-full e-flex e-con e-child\" data-id=\"5f8fa00\" data-element_type=\"container\">\n\t\t\t\t<div class=\"elementor-element elementor-element-0182118 elementor-widget__width-initial elementor-widget-mobile__width-auto elementor-widget elementor-widget-image\" data-id=\"0182118\" data-element_type=\"widget\" data-widget_type=\"image.default\">\n\t\t\t\t<div class=\"elementor-widget-container\">\n\t\t\t\t\t\t\t\t\t\t\t\t\t\t\t<img fetchpriority=\"high\" decoding=\"async\" width=\"733\" height=\"630\" src=\"https:\/\/linkoidiomas.com\/wp-content\/uploads\/2025\/05\/Traduccion-foto1-100-min.jpg\" class=\"attachment-large size-large wp-image-362\" alt=\"\" srcset=\"https:\/\/linkoidiomas.com\/wp-content\/uploads\/2025\/05\/Traduccion-foto1-100-min.jpg 733w, https:\/\/linkoidiomas.com\/wp-content\/uploads\/2025\/05\/Traduccion-foto1-100-min-300x258.jpg 300w, https:\/\/linkoidiomas.com\/wp-content\/uploads\/2025\/05\/Traduccion-foto1-100-min-370x318.jpg 370w\" sizes=\"(max-width: 733px) 100vw, 733px\" \/>\t\t\t\t\t\t\t\t\t\t\t\t\t\t\t<\/div>\n\t\t\t\t<\/div>\n\t\t\t\t<div class=\"elementor-element elementor-element-65d23e9 elementor-widget-mobile__width-auto elementor-widget elementor-widget-image\" data-id=\"65d23e9\" data-element_type=\"widget\" data-widget_type=\"image.default\">\n\t\t\t\t<div class=\"elementor-widget-container\">\n\t\t\t\t\t\t\t\t\t\t\t\t\t\t\t<img decoding=\"async\" width=\"800\" height=\"529\" src=\"https:\/\/linkoidiomas.com\/wp-content\/uploads\/2025\/05\/Traducion-foto2-100-min.jpg\" class=\"attachment-large size-large wp-image-361\" alt=\"\" srcset=\"https:\/\/linkoidiomas.com\/wp-content\/uploads\/2025\/05\/Traducion-foto2-100-min.jpg 953w, https:\/\/linkoidiomas.com\/wp-content\/uploads\/2025\/05\/Traducion-foto2-100-min-300x198.jpg 300w, https:\/\/linkoidiomas.com\/wp-content\/uploads\/2025\/05\/Traducion-foto2-100-min-768x508.jpg 768w, https:\/\/linkoidiomas.com\/wp-content\/uploads\/2025\/05\/Traducion-foto2-100-min-760x502.jpg 760w, https:\/\/linkoidiomas.com\/wp-content\/uploads\/2025\/05\/Traducion-foto2-100-min-370x245.jpg 370w\" sizes=\"(max-width: 800px) 100vw, 800px\" \/>\t\t\t\t\t\t\t\t\t\t\t\t\t\t\t<\/div>\n\t\t\t\t<\/div>\n\t\t\t\t<\/div>\n\t\t\t\t<\/div>\n\t\t<div class=\"elementor-element elementor-element-f3340df e-flex e-con-boxed e-con e-parent\" data-id=\"f3340df\" data-element_type=\"container\" data-settings=\"{&quot;background_background&quot;:&quot;classic&quot;}\">\n\t\t\t\t\t<div class=\"e-con-inner\">\n\t\t<div class=\"elementor-element elementor-element-abfedba e-con-full e-flex e-con e-child\" data-id=\"abfedba\" data-element_type=\"container\">\n\t\t\t\t<div class=\"elementor-element elementor-element-46aaa9f elementor-widget elementor-widget-text-editor\" data-id=\"46aaa9f\" data-element_type=\"widget\" data-widget_type=\"text-editor.default\">\n\t\t\t\t<div class=\"elementor-widget-container\">\n\t\t\t\t\t\t\t\t\t<div class=\"page\" title=\"Page 1\"><div class=\"section\"><div class=\"layoutArea\"><div class=\"column\"><p><strong>Legal Documents:<\/strong><\/p><ul><li>Contracts and agreements<\/li><li>Wills<\/li><li>Powers of attorney<\/li><li>Personal documents<\/li><\/ul><p><strong>Academic Documents:<\/strong><\/p><ul><li>Transcripts<\/li><li>Diplomas and degrees<\/li><li>Thesis and research papers<\/li><li>Curricula vitae (CVs)<\/li><\/ul><p><strong>Financial Documents:<\/strong><\/p><ul><li>Bank statements<\/li><li>Financial reports and audits<br \/><br \/><\/li><\/ul><p><strong>Civil Society and International Cooperation:<\/strong><\/p><ul><li>Donor progress reports<\/li><li>Project Proposals<\/li><li>Funding agreements<\/li><li>Impact evaluations<\/li><li>Strategic Plans<\/li><li>Audit Reports<\/li><li>Terms of Reference (ToR)<\/li><li>Monitoring and Evaluation Reports<\/li><li>Meeting Minutes<\/li><li>Annual Planning Documents<\/li><li>Diversity and Inclusion Policies<\/li><li>Mission and Vision Statements<\/li><li>Codes of Conduct<\/li><\/ul><\/div><\/div><\/div><\/div>\t\t\t\t\t\t\t\t<\/div>\n\t\t\t\t<\/div>\n\t\t\t\t<\/div>\n\t\t<div class=\"elementor-element elementor-element-4c51125 e-con-full e-flex e-con e-child\" data-id=\"4c51125\" data-element_type=\"container\">\n\t\t\t\t<div class=\"elementor-element elementor-element-e5c912e elementor-widget elementor-widget-text-editor\" data-id=\"e5c912e\" data-element_type=\"widget\" data-widget_type=\"text-editor.default\">\n\t\t\t\t<div class=\"elementor-widget-container\">\n\t\t\t\t\t\t\t\t\t<div class=\"page\" title=\"Page 1\"><div class=\"section\"><div class=\"layoutArea\"><div class=\"column\"><p><strong>Medicine and Health:<\/strong><\/p><ul><li>Medical Records<\/li><li>Medical Reports<\/li><li>Lab Results<\/li><li>Clinical Trial Protocols<\/li><li>Medical Equipment User Manuals<\/li><li>Scientific Publications<br \/>Health Education Programs<\/li><li>Public Health Materials<\/li><li>Clinical Case Studies<\/li><\/ul><p><strong>Corporate &amp; Marketing Materials:<\/strong><\/p><ul><li>Websites and digital content<\/li><li>Business presentations<\/li><li>Promotional materials<\/li><\/ul><p><strong>Technical &amp; Scientific Documentation:<\/strong><\/p><ul><li>User manuals<\/li><li>Patents<\/li><li>Technical and engineering reports<\/li><li>Scientific articles<\/li><\/ul><\/div><\/div><\/div><\/div>\t\t\t\t\t\t\t\t<\/div>\n\t\t\t\t<\/div>\n\t\t\t\t<\/div>\n\t\t\t\t\t<\/div>\n\t\t\t\t<\/div>\n\t\t<div class=\"elementor-element elementor-element-82b183c e-con-full e-flex e-con e-parent\" data-id=\"82b183c\" data-element_type=\"container\">\n\t\t\t\t<div class=\"elementor-element elementor-element-71cd0af elementor-widget elementor-widget-template\" data-id=\"71cd0af\" data-element_type=\"widget\" data-widget_type=\"template.default\">\n\t\t\t\t<div class=\"elementor-widget-container\">\n\t\t\t\t\t\t\t<div class=\"elementor-template\">\n\t\t\t\t\t<div data-elementor-type=\"section\" data-elementor-id=\"2390\" class=\"elementor elementor-2390\" data-elementor-post-type=\"elementor_library\">\n\t\t\t<div class=\"elementor-element elementor-element-2cc21bd e-con-full e-flex e-con e-parent\" data-id=\"2cc21bd\" data-element_type=\"container\">\n\t\t<div class=\"elementor-element elementor-element-408efa7 e-con-full e-flex e-con e-child\" data-id=\"408efa7\" data-element_type=\"container\">\n\t\t\t\t<div class=\"elementor-element elementor-element-ee15590 elementor-widget__width-initial elementor-widget elementor-widget-heading\" data-id=\"ee15590\" data-element_type=\"widget\" data-widget_type=\"heading.default\">\n\t\t\t\t<div class=\"elementor-widget-container\">\n\t\t\t\t\t<h2 class=\"elementor-heading-title elementor-size-default\">Transform your message into global impact.   <b>\nWrite to us at <\/b><\/h2>\t\t\t\t<\/div>\n\t\t\t\t<\/div>\n\t\t\t\t<div class=\"elementor-element elementor-element-4f667bc elementor-widget elementor-widget-spacer\" data-id=\"4f667bc\" data-element_type=\"widget\" data-widget_type=\"spacer.default\">\n\t\t\t\t<div class=\"elementor-widget-container\">\n\t\t\t\t\t\t\t<div class=\"elementor-spacer\">\n\t\t\t<div class=\"elementor-spacer-inner\"><\/div>\n\t\t<\/div>\n\t\t\t\t\t\t<\/div>\n\t\t\t\t<\/div>\n\t\t\t\t<div class=\"elementor-element elementor-element-27cbe70 elementor-widget elementor-widget-global elementor-global-1191 elementor-widget-image\" data-id=\"27cbe70\" data-element_type=\"widget\" data-widget_type=\"image.default\">\n\t\t\t\t<div class=\"elementor-widget-container\">\n\t\t\t\t\t\t\t\t\t\t\t\t\t\t\t<img decoding=\"async\" width=\"2560\" height=\"1709\" src=\"https:\/\/linkoidiomas.com\/wp-content\/uploads\/2025\/06\/LINKO42-min-scaled.jpg\" class=\"attachment-full size-full wp-image-1238\" alt=\"\" srcset=\"https:\/\/linkoidiomas.com\/wp-content\/uploads\/2025\/06\/LINKO42-min-scaled.jpg 2560w, https:\/\/linkoidiomas.com\/wp-content\/uploads\/2025\/06\/LINKO42-min-300x200.jpg 300w, https:\/\/linkoidiomas.com\/wp-content\/uploads\/2025\/06\/LINKO42-min-1024x684.jpg 1024w, https:\/\/linkoidiomas.com\/wp-content\/uploads\/2025\/06\/LINKO42-min-768x513.jpg 768w, https:\/\/linkoidiomas.com\/wp-content\/uploads\/2025\/06\/LINKO42-min-1536x1025.jpg 1536w, https:\/\/linkoidiomas.com\/wp-content\/uploads\/2025\/06\/LINKO42-min-2048x1367.jpg 2048w\" sizes=\"(max-width: 2560px) 100vw, 2560px\" \/>\t\t\t\t\t\t\t\t\t\t\t\t\t\t\t<\/div>\n\t\t\t\t<\/div>\n\t\t\t\t<\/div>\n\t\t<div class=\"elementor-element elementor-element-306faab e-con-full e-flex e-con e-child\" data-id=\"306faab\" data-element_type=\"container\">\n\t\t\t\t<div class=\"elementor-element elementor-element-745cfcc elementor-widget elementor-widget-spacer\" data-id=\"745cfcc\" data-element_type=\"widget\" data-widget_type=\"spacer.default\">\n\t\t\t\t<div class=\"elementor-widget-container\">\n\t\t\t\t\t\t\t<div class=\"elementor-spacer\">\n\t\t\t<div class=\"elementor-spacer-inner\"><\/div>\n\t\t<\/div>\n\t\t\t\t\t\t<\/div>\n\t\t\t\t<\/div>\n\t\t\t\t<div class=\"elementor-element elementor-element-a8a48fd elementor-button-align-stretch elementor-widget elementor-widget-global elementor-global-1053 elementor-widget-form\" data-id=\"a8a48fd\" data-element_type=\"widget\" data-settings=\"{&quot;button_width&quot;:&quot;25&quot;,&quot;step_next_label&quot;:&quot;Next&quot;,&quot;step_previous_label&quot;:&quot;Previous&quot;,&quot;step_type&quot;:&quot;number_text&quot;,&quot;step_icon_shape&quot;:&quot;circle&quot;}\" data-widget_type=\"form.default\">\n\t\t\t\t<div class=\"elementor-widget-container\">\n\t\t\t\t\t\t\t<form class=\"elementor-form\" method=\"post\" name=\"New Form\" action=\"\">\n\t\t\t<input type=\"hidden\" name=\"post_id\" value=\"2390\"\/>\n\t\t\t<input type=\"hidden\" name=\"form_id\" value=\"a8a48fd\"\/>\n\t\t\t<input type=\"hidden\" name=\"referer_title\" value=\"Linko\" \/>\n\n\t\t\t\n\t\t\t<div class=\"elementor-form-fields-wrapper elementor-labels-\">\n\t\t\t\t\t\t\t\t<div class=\"elementor-field-type-text elementor-field-group elementor-column elementor-field-group-name elementor-col-100\">\n\t\t\t\t\t\t\t\t\t\t\t\t<label for=\"form-field-name\" class=\"elementor-field-label elementor-screen-only\">\n\t\t\t\t\t\t\t\tName\t\t\t\t\t\t\t<\/label>\n\t\t\t\t\t\t\t\t\t\t\t\t\t\t<input size=\"1\" type=\"text\" name=\"form_fields[name]\" id=\"form-field-name\" class=\"elementor-field elementor-size-sm  elementor-field-textual\" placeholder=\"Name\">\n\t\t\t\t\t\t\t\t\t\t\t<\/div>\n\t\t\t\t\t\t\t\t<div class=\"elementor-field-type-tel elementor-field-group elementor-column elementor-field-group-phone elementor-col-100\">\n\t\t\t\t\t\t\t\t\t\t\t\t<label for=\"form-field-phone\" class=\"elementor-field-label elementor-screen-only\">\n\t\t\t\t\t\t\t\tPhone\t\t\t\t\t\t\t<\/label>\n\t\t\t\t\t\t\t\t<input size=\"1\" type=\"tel\" name=\"form_fields[phone]\" id=\"form-field-phone\" class=\"elementor-field elementor-size-sm  elementor-field-textual\" placeholder=\"Phone\" pattern=\"[0-9()#&amp;+*-=.]+\" title=\"Only numbers and phone characters (#, -, *, etc) are accepted.\">\n\n\t\t\t\t\t\t<\/div>\n\t\t\t\t\t\t\t\t<div class=\"elementor-field-type-email elementor-field-group elementor-column elementor-field-group-email elementor-col-100 elementor-field-required\">\n\t\t\t\t\t\t\t\t\t\t\t\t<label for=\"form-field-email\" class=\"elementor-field-label elementor-screen-only\">\n\t\t\t\t\t\t\t\tEmail\t\t\t\t\t\t\t<\/label>\n\t\t\t\t\t\t\t\t\t\t\t\t\t\t<input size=\"1\" type=\"email\" name=\"form_fields[email]\" id=\"form-field-email\" class=\"elementor-field elementor-size-sm  elementor-field-textual\" placeholder=\"E-mail address\" required=\"required\">\n\t\t\t\t\t\t\t\t\t\t\t<\/div>\n\t\t\t\t\t\t\t\t<div class=\"elementor-field-type-text elementor-field-group elementor-column elementor-field-group-sujeto elementor-col-100 elementor-field-required\">\n\t\t\t\t\t\t\t\t\t\t\t\t<label for=\"form-field-sujeto\" class=\"elementor-field-label elementor-screen-only\">\n\t\t\t\t\t\t\t\tSubject\t\t\t\t\t\t\t<\/label>\n\t\t\t\t\t\t\t\t\t\t\t\t\t\t<input size=\"1\" type=\"text\" name=\"form_fields[sujeto]\" id=\"form-field-sujeto\" class=\"elementor-field elementor-size-sm  elementor-field-textual\" placeholder=\"Subject\" required=\"required\">\n\t\t\t\t\t\t\t\t\t\t\t<\/div>\n\t\t\t\t\t\t\t\t<div class=\"elementor-field-type-email elementor-field-group elementor-column elementor-field-group-mensaje elementor-col-100\">\n\t\t\t\t\t\t\t\t\t\t\t\t<label for=\"form-field-mensaje\" class=\"elementor-field-label elementor-screen-only\">\n\t\t\t\t\t\t\t\tMessage\t\t\t\t\t\t\t<\/label>\n\t\t\t\t\t\t\t\t\t\t\t\t\t\t<input size=\"1\" type=\"email\" name=\"form_fields[mensaje]\" id=\"form-field-mensaje\" class=\"elementor-field elementor-size-sm  elementor-field-textual\" placeholder=\"How can we help you? Don&#039;t hesitate to contact us!\">\n\t\t\t\t\t\t\t\t\t\t\t<\/div>\n\t\t\t\t\t\t\t\t<div class=\"elementor-field-type-acceptance elementor-field-group elementor-column elementor-field-group-field_aaf3552 elementor-col-100 elementor-field-required\">\n\t\t\t\t\t\t\t\t\t\t\t\t<label for=\"form-field-field_aaf3552\" class=\"elementor-field-label elementor-screen-only\">\n\t\t\t\t\t\t\t\tI accept\t\t\t\t\t\t\t<\/label>\n\t\t\t\t\t\t\t\t<div class=\"elementor-field-subgroup\">\n\t\t\t<span class=\"elementor-field-option\">\n\t\t\t\t<input type=\"checkbox\" name=\"form_fields[field_aaf3552]\" id=\"form-field-field_aaf3552\" class=\"elementor-field elementor-size-sm  elementor-acceptance-field\" required=\"required\">\n\t\t\t\t<label for=\"form-field-field_aaf3552\">I agree to have my data collected and stored.<\/label>\t\t\t<\/span>\n\t\t<\/div>\n\t\t\t\t\t\t<\/div>\n\t\t\t\t\t\t\t\t<div class=\"elementor-field-group elementor-column elementor-field-type-submit elementor-col-25 e-form__buttons\">\n\t\t\t\t\t<button class=\"elementor-button elementor-size-sm\" type=\"submit\">\n\t\t\t\t\t\t<span class=\"elementor-button-content-wrapper\">\n\t\t\t\t\t\t\t\t\t\t\t\t\t\t\t\t\t\t\t\t\t\t<span class=\"elementor-button-text\">Contact us<\/span>\n\t\t\t\t\t\t\t\t\t\t\t\t\t<\/span>\n\t\t\t\t\t<\/button>\n\t\t\t\t<\/div>\n\t\t\t<\/div>\n\t\t<input type=\"hidden\" name=\"trp-form-language\" value=\"en\"\/><\/form>\n\t\t\t\t\t\t<\/div>\n\t\t\t\t<\/div>\n\t\t\t\t<\/div>\n\t\t\t\t<\/div>\n\t\t\t\t<\/div>\n\t\t\t\t<\/div>\n\t\t\t\t\t\t<\/div>\n\t\t\t\t<\/div>\n\t\t\t\t<\/div>\n\t\t\t\t<\/div>","protected":false},"excerpt":{"rendered":"<p>Traducci\u00f3n Traducci\u00f3n de Documentos En Linko, entendemos la importancia de la precisi\u00f3n y la puntualidad cuando se trata de traducciones. Por eso, combinamos tecnolog\u00eda propietaria con la experiencia de traductores humanos expertos para ofrecerte resultados de alta calidad. Precisi\u00f3n en Tiempo R\u00e9cord: Traducimos tus documentos de manera precisa, garantizando un 50% de reducci\u00f3n en el [&hellip;]<\/p>","protected":false},"author":1,"featured_media":0,"parent":0,"menu_order":0,"comment_status":"closed","ping_status":"closed","template":"elementor_header_footer","meta":{"footnotes":""},"class_list":["post-345","page","type-page","status-publish","hentry"],"yoast_head":"<!-- This site is optimized with the Yoast SEO plugin v25.5 - https:\/\/yoast.com\/wordpress\/plugins\/seo\/ -->\n<title>Traducci\u00f3n - Linko<\/title>\n<meta name=\"robots\" content=\"index, follow, max-snippet:-1, max-image-preview:large, max-video-preview:-1\" \/>\n<link rel=\"canonical\" href=\"https:\/\/linkoidiomas.com\/en\/traduccion\/\" \/>\n<meta property=\"og:locale\" content=\"en_US\" \/>\n<meta property=\"og:type\" content=\"article\" \/>\n<meta property=\"og:title\" content=\"Traducci\u00f3n - Linko\" \/>\n<meta property=\"og:description\" content=\"Traducci\u00f3n Traducci\u00f3n de Documentos En Linko, entendemos la importancia de la precisi\u00f3n y la puntualidad cuando se trata de traducciones. Por eso, combinamos tecnolog\u00eda propietaria con la experiencia de traductores humanos expertos para ofrecerte resultados de alta calidad. Precisi\u00f3n en Tiempo R\u00e9cord: Traducimos tus documentos de manera precisa, garantizando un 50% de reducci\u00f3n en el [&hellip;]\" \/>\n<meta property=\"og:url\" content=\"https:\/\/linkoidiomas.com\/en\/traduccion\/\" \/>\n<meta property=\"og:site_name\" content=\"Linko\" \/>\n<meta property=\"article:modified_time\" content=\"2025-07-17T02:14:38+00:00\" \/>\n<meta property=\"og:image\" content=\"https:\/\/linkoidiomas.com\/wp-content\/uploads\/2025\/05\/Traduccion-foto1-100-min.jpg\" \/>\n\t<meta property=\"og:image:width\" content=\"733\" \/>\n\t<meta property=\"og:image:height\" content=\"630\" \/>\n\t<meta property=\"og:image:type\" content=\"image\/jpeg\" \/>\n<meta name=\"twitter:card\" content=\"summary_large_image\" \/>\n<meta name=\"twitter:label1\" content=\"Est. reading time\" \/>\n\t<meta name=\"twitter:data1\" content=\"2 minutes\" \/>\n<script type=\"application\/ld+json\" class=\"yoast-schema-graph\">{\"@context\":\"https:\/\/schema.org\",\"@graph\":[{\"@type\":\"WebPage\",\"@id\":\"https:\/\/linkoidiomas.com\/traduccion\/\",\"url\":\"https:\/\/linkoidiomas.com\/traduccion\/\",\"name\":\"Traducci\u00f3n - Linko\",\"isPartOf\":{\"@id\":\"https:\/\/linkoidiomas.com\/#website\"},\"primaryImageOfPage\":{\"@id\":\"https:\/\/linkoidiomas.com\/traduccion\/#primaryimage\"},\"image\":{\"@id\":\"https:\/\/linkoidiomas.com\/traduccion\/#primaryimage\"},\"thumbnailUrl\":\"https:\/\/linkoidiomas.com\/wp-content\/uploads\/2025\/05\/Traduccion-foto1-100-min.jpg\",\"datePublished\":\"2025-05-30T00:47:42+00:00\",\"dateModified\":\"2025-07-17T02:14:38+00:00\",\"breadcrumb\":{\"@id\":\"https:\/\/linkoidiomas.com\/traduccion\/#breadcrumb\"},\"inLanguage\":\"en-US\",\"potentialAction\":[{\"@type\":\"ReadAction\",\"target\":[\"https:\/\/linkoidiomas.com\/traduccion\/\"]}]},{\"@type\":\"ImageObject\",\"inLanguage\":\"en-US\",\"@id\":\"https:\/\/linkoidiomas.com\/traduccion\/#primaryimage\",\"url\":\"https:\/\/linkoidiomas.com\/wp-content\/uploads\/2025\/05\/Traduccion-foto1-100-min.jpg\",\"contentUrl\":\"https:\/\/linkoidiomas.com\/wp-content\/uploads\/2025\/05\/Traduccion-foto1-100-min.jpg\"},{\"@type\":\"BreadcrumbList\",\"@id\":\"https:\/\/linkoidiomas.com\/traduccion\/#breadcrumb\",\"itemListElement\":[{\"@type\":\"ListItem\",\"position\":1,\"name\":\"Portada\",\"item\":\"https:\/\/linkoidiomas.com\/\"},{\"@type\":\"ListItem\",\"position\":2,\"name\":\"Traducci\u00f3n\"}]},{\"@type\":\"WebSite\",\"@id\":\"https:\/\/linkoidiomas.com\/#website\",\"url\":\"https:\/\/linkoidiomas.com\/\",\"name\":\"LINKO | Traducci\u00f3n e interpretaci\u00f3n de idiomas\",\"description\":\"\",\"publisher\":{\"@id\":\"https:\/\/linkoidiomas.com\/#organization\"},\"potentialAction\":[{\"@type\":\"SearchAction\",\"target\":{\"@type\":\"EntryPoint\",\"urlTemplate\":\"https:\/\/linkoidiomas.com\/?s={search_term_string}\"},\"query-input\":{\"@type\":\"PropertyValueSpecification\",\"valueRequired\":true,\"valueName\":\"search_term_string\"}}],\"inLanguage\":\"en-US\"},{\"@type\":\"Organization\",\"@id\":\"https:\/\/linkoidiomas.com\/#organization\",\"name\":\"Linko\",\"url\":\"https:\/\/linkoidiomas.com\/\",\"logo\":{\"@type\":\"ImageObject\",\"inLanguage\":\"en-US\",\"@id\":\"https:\/\/linkoidiomas.com\/#\/schema\/logo\/image\/\",\"url\":\"https:\/\/linkoidiomas.com\/wp-content\/uploads\/2025\/05\/linko-logo.svg\",\"contentUrl\":\"https:\/\/linkoidiomas.com\/wp-content\/uploads\/2025\/05\/linko-logo.svg\",\"width\":194,\"height\":57,\"caption\":\"Linko\"},\"image\":{\"@id\":\"https:\/\/linkoidiomas.com\/#\/schema\/logo\/image\/\"},\"sameAs\":[\"https:\/\/www.linkedin.com\/company\/linkoidiomas\/\"]}]}<\/script>\n<!-- \/ Yoast SEO plugin. -->","yoast_head_json":{"title":"Traducci\u00f3n - Linko","robots":{"index":"index","follow":"follow","max-snippet":"max-snippet:-1","max-image-preview":"max-image-preview:large","max-video-preview":"max-video-preview:-1"},"canonical":"https:\/\/linkoidiomas.com\/en\/traduccion\/","og_locale":"en_US","og_type":"article","og_title":"Traducci\u00f3n - Linko","og_description":"Traducci\u00f3n Traducci\u00f3n de Documentos En Linko, entendemos la importancia de la precisi\u00f3n y la puntualidad cuando se trata de traducciones. Por eso, combinamos tecnolog\u00eda propietaria con la experiencia de traductores humanos expertos para ofrecerte resultados de alta calidad. Precisi\u00f3n en Tiempo R\u00e9cord: Traducimos tus documentos de manera precisa, garantizando un 50% de reducci\u00f3n en el [&hellip;]","og_url":"https:\/\/linkoidiomas.com\/en\/traduccion\/","og_site_name":"Linko","article_modified_time":"2025-07-17T02:14:38+00:00","og_image":[{"width":733,"height":630,"url":"https:\/\/linkoidiomas.com\/wp-content\/uploads\/2025\/05\/Traduccion-foto1-100-min.jpg","type":"image\/jpeg"}],"twitter_card":"summary_large_image","twitter_misc":{"Est. reading time":"2 minutes"},"schema":{"@context":"https:\/\/schema.org","@graph":[{"@type":"WebPage","@id":"https:\/\/linkoidiomas.com\/traduccion\/","url":"https:\/\/linkoidiomas.com\/traduccion\/","name":"Traducci\u00f3n - Linko","isPartOf":{"@id":"https:\/\/linkoidiomas.com\/#website"},"primaryImageOfPage":{"@id":"https:\/\/linkoidiomas.com\/traduccion\/#primaryimage"},"image":{"@id":"https:\/\/linkoidiomas.com\/traduccion\/#primaryimage"},"thumbnailUrl":"https:\/\/linkoidiomas.com\/wp-content\/uploads\/2025\/05\/Traduccion-foto1-100-min.jpg","datePublished":"2025-05-30T00:47:42+00:00","dateModified":"2025-07-17T02:14:38+00:00","breadcrumb":{"@id":"https:\/\/linkoidiomas.com\/traduccion\/#breadcrumb"},"inLanguage":"en-US","potentialAction":[{"@type":"ReadAction","target":["https:\/\/linkoidiomas.com\/traduccion\/"]}]},{"@type":"ImageObject","inLanguage":"en-US","@id":"https:\/\/linkoidiomas.com\/traduccion\/#primaryimage","url":"https:\/\/linkoidiomas.com\/wp-content\/uploads\/2025\/05\/Traduccion-foto1-100-min.jpg","contentUrl":"https:\/\/linkoidiomas.com\/wp-content\/uploads\/2025\/05\/Traduccion-foto1-100-min.jpg"},{"@type":"BreadcrumbList","@id":"https:\/\/linkoidiomas.com\/traduccion\/#breadcrumb","itemListElement":[{"@type":"ListItem","position":1,"name":"Portada","item":"https:\/\/linkoidiomas.com\/"},{"@type":"ListItem","position":2,"name":"Traducci\u00f3n"}]},{"@type":"WebSite","@id":"https:\/\/linkoidiomas.com\/#website","url":"https:\/\/linkoidiomas.com\/","name":"LINKO | Traducci\u00f3n e interpretaci\u00f3n de idiomas","description":"","publisher":{"@id":"https:\/\/linkoidiomas.com\/#organization"},"potentialAction":[{"@type":"SearchAction","target":{"@type":"EntryPoint","urlTemplate":"https:\/\/linkoidiomas.com\/?s={search_term_string}"},"query-input":{"@type":"PropertyValueSpecification","valueRequired":true,"valueName":"search_term_string"}}],"inLanguage":"en-US"},{"@type":"Organization","@id":"https:\/\/linkoidiomas.com\/#organization","name":"Linko","url":"https:\/\/linkoidiomas.com\/","logo":{"@type":"ImageObject","inLanguage":"en-US","@id":"https:\/\/linkoidiomas.com\/#\/schema\/logo\/image\/","url":"https:\/\/linkoidiomas.com\/wp-content\/uploads\/2025\/05\/linko-logo.svg","contentUrl":"https:\/\/linkoidiomas.com\/wp-content\/uploads\/2025\/05\/linko-logo.svg","width":194,"height":57,"caption":"Linko"},"image":{"@id":"https:\/\/linkoidiomas.com\/#\/schema\/logo\/image\/"},"sameAs":["https:\/\/www.linkedin.com\/company\/linkoidiomas\/"]}]}},"_links":{"self":[{"href":"https:\/\/linkoidiomas.com\/en\/wp-json\/wp\/v2\/pages\/345","targetHints":{"allow":["GET"]}}],"collection":[{"href":"https:\/\/linkoidiomas.com\/en\/wp-json\/wp\/v2\/pages"}],"about":[{"href":"https:\/\/linkoidiomas.com\/en\/wp-json\/wp\/v2\/types\/page"}],"author":[{"embeddable":true,"href":"https:\/\/linkoidiomas.com\/en\/wp-json\/wp\/v2\/users\/1"}],"replies":[{"embeddable":true,"href":"https:\/\/linkoidiomas.com\/en\/wp-json\/wp\/v2\/comments?post=345"}],"version-history":[{"count":82,"href":"https:\/\/linkoidiomas.com\/en\/wp-json\/wp\/v2\/pages\/345\/revisions"}],"predecessor-version":[{"id":2650,"href":"https:\/\/linkoidiomas.com\/en\/wp-json\/wp\/v2\/pages\/345\/revisions\/2650"}],"wp:attachment":[{"href":"https:\/\/linkoidiomas.com\/en\/wp-json\/wp\/v2\/media?parent=345"}],"curies":[{"name":"wp","href":"https:\/\/api.w.org\/{rel}","templated":true}]}}